{"id":610,"date":"2025-11-18T18:44:50","date_gmt":"2025-11-18T17:44:50","guid":{"rendered":"https:\/\/uv-software.de\/wordpress\/?page_id=610"},"modified":"2025-11-18T18:55:39","modified_gmt":"2025-11-18T17:55:39","slug":"selbstauskunft","status":"publish","type":"page","link":"https:\/\/uv-software.de\/wordpress\/de\/selbstauskunft\/","title":{"rendered":"Status als Freiberufler"},"content":{"rendered":"<p>UV&nbsp;Software ist das Einzelunternehmen von Uwe Vogt mit Sitz in Berlin.<br \/>\nDiese Seite gibt eine zusammengefasste Selbstauskunft zum freiberuflichen Status,<br \/>\nzu Rahmenbedingungen und zur unternehmerischen Ausrichtung.<\/p>\n<hr>\n<h3>Seit wann ist UV&nbsp;Software unternehmerisch t\u00e4tig?<\/h3>\n<p>UV&nbsp;Software ist seit 2002 als Einzelunternehmen aktiv.<br \/>\nDamit liegt eine durchg\u00e4ngige freiberufliche T\u00e4tigkeit von mehr als zwanzig Jahren vor.<\/p>\n<h3>Welche Unternehmensform hat UV&nbsp;Software?<\/h3>\n<p>UV&nbsp;Software wird als Einzelunternehmen gef\u00fchrt.<br \/>\nInhaber ist Uwe Vogt, der als selbstst\u00e4ndiger Freelancer im Bereich Embedded Software Development t\u00e4tig ist.<\/p>\n<h3>Handelt es sich um ein Gewerbe oder um einen freien Beruf?<\/h3>\n<p>F\u00fcr UV&nbsp;Software ist ein Gewerbe angemeldet.<br \/>\nEs wird Gewerbesteuer abgef\u00fchrt und die T\u00e4tigkeit wird steuerlich als gewerbliche T\u00e4tigkeit behandelt.<\/p>\n<h3>Besch\u00e4ftigt UV&nbsp;Software eigene Arbeitnehmer?<\/h3>\n<p>Nein. UV&nbsp;Software besch\u00e4ftigt keine eigenen Arbeitnehmer.<br \/>\nDie Leistungen werden ausschlie\u00dflich durch den Inhaber erbracht.<\/p>\n<h3>Wurde der Status der Selbstst\u00e4ndigkeit bereits von einer Beh\u00f6rde gepr\u00fcft oder bescheinigt?<\/h3>\n<p>Bislang liegt keine formale Statusfeststellung oder Bescheinigung durch eine Beh\u00f6rde vor.<br \/>\nEs gab keine Veranlassung f\u00fcr ein Statusfeststellungsverfahren.<\/p>\n<h3>Welche Versicherungen und Vorsorgema\u00dfnahmen bestehen?<\/h3>\n<p>F\u00fcr UV&nbsp;Software bzw. den Inhaber bestehen folgende Absicherungen:<\/p>\n<ul>\n<li>private Kranken- und Pflegeversicherung<\/li>\n<li>eigene Altersvorsorge, zum Beispiel \u00fcber private Vorsorgeinstrumente und Verm\u00f6gensaufbau<\/li>\n<li>keine freiwillige Mitgliedschaft in der Deutschen Rentenversicherung<\/li>\n<li>keine Mitgliedschaft in einem berufsst\u00e4ndischen Versorgungswerk<\/li>\n<li>Berufs- beziehungsweise Betriebshaftpflichtversicherung<\/li>\n<\/ul>\n<h3>Welche unternehmerischen Investitionen wurden im Zusammenhang mit der Selbstst\u00e4ndigkeit get\u00e4tigt?<\/h3>\n<p>Im Rahmen der freiberuflichen T\u00e4tigkeit wurden unter anderem folgende Investitionen vorgenommen:<\/p>\n<ul>\n<li>Anmietung und Ausstattung eigener B\u00fcror\u00e4ume<\/li>\n<li>Beauftragung externer Dienstleistungen, zum Beispiel in den Bereichen IT, Buchhaltung, Marketing und Webauftritt<\/li>\n<li>Anschaffung von Arbeitsmitteln wie Hard- und Software, Entwicklungswerkzeugen und Messmitteln<\/li>\n<li>kontinuierliche Weiterbildung und Zertifizierungsma\u00dfnahmen<\/li>\n<li>weitere Investitionen in Infrastruktur, Hilfsmittel und Werkzeuge f\u00fcr die Projektdurchf\u00fchrung<\/li>\n<\/ul>\n<h3>War UV&nbsp;Software in den letzten 24 Monaten f\u00fcr mehrere Auftraggeber t\u00e4tig?<\/h3>\n<p>Ja. In den letzten 24 Monaten wurden Projekte f\u00fcr mehrere unterschiedliche Auftraggeber durchgef\u00fchrt.<\/p>\n<h3>Entfiel in diesem Zeitraum ein wesentlicher Teil des Umsatzes auf einen Hauptauftraggeber?<\/h3>\n<p>Ja. In einzelnen Zeitr\u00e4umen entfiel ein erheblicher Anteil des Einkommens auf einen Hauptauftraggeber.<br \/>\nGleichzeitig bestand jedoch fortlaufend die grunds\u00e4tzliche Ausrichtung auf mehrere Auftraggeber.<\/p>\n<h3>Mit welchen Ma\u00dfnahmen tritt UV&nbsp;Software unternehmerisch am Markt auf?<\/h3>\n<p>UV&nbsp;Software ist mit verschiedenen Ma\u00dfnahmen sichtbar und unternehmerisch aktiv, zum Beispiel durch:<\/p>\n<ul>\n<li>eigene Website und Online Auftritt, zum Beispiel auf Freelancing- und Social-Media-Plattformen<\/li>\n<li>eigenes Firmenlogo und Gesch\u00e4ftsausstattung wie Visitenkarten, Briefpapier und Rechnungsdokumente<\/li>\n<li>Akquise \u00fcber Vermittler und Plattformen sowie \u00fcber das eigene Netzwerk<\/li>\n<li>Ver\u00f6ffentlichungen, Fachbeitr\u00e4ge und Vortr\u00e4ge<\/li>\n<li>Mitgliedschaften in Zusammenschl\u00fcssen oder Netzwerken f\u00fcr Selbstst\u00e4ndige und Fachleute<\/li>\n<\/ul>\n<h3>Warum wird die T\u00e4tigkeit in freiberuflicher Form ausge\u00fcbt?<\/h3>\n<p>Die freiberufliche T\u00e4tigkeit erm\u00f6glicht eine eigenbestimmte Arbeitsweise.<br \/>\nUwe Vogt entscheidet selbst, wie er sein Know how weiterentwickelt, einsetzt und am Markt anbietet.<br \/>\nEr arbeitet bewusst au\u00dferhalb fester Unternehmenshierarchien, vorgegebener Karrierepfade und standardisierter Personalentwicklungsprogramme.<\/p>\n<h3>Wie wird der Auftritt als Selbstst\u00e4ndiger w\u00e4hrend der Auftragsdurchf\u00fchrung gestaltet?<\/h3>\n<p>W\u00e4hrend der Projektarbeit wird darauf geachtet, die Rolle als externer Selbstst\u00e4ndiger klar zu halten.<br \/>\nDazu geh\u00f6rt unter anderem eine organisatorische Trennung von internen Mitarbeitenden des Auftraggebers, zum Beispiel durch eigenst\u00e4ndige Urlaubsplanung und eigene Kommunikationswege, soweit dies im Projektkontext m\u00f6glich ist.<\/p>\n<p>Die vereinbarten Leistungen werden so erbracht und dokumentiert, dass sie fachlich und abrechnungstechnisch klar Uwe Vogt beziehungsweise UV&nbsp;Software zugeordnet werden k\u00f6nnen.<br \/>\nLeistung, Verantwortung und Verg\u00fctung bleiben damit transparent und abgrenzbar.<\/p>\n<h3>In welchen Vertragsformen arbeitet UV&nbsp;Software typischerweise?<\/h3>\n<p>Je nach Projekt und Rahmenbedingungen arbeitet UV&nbsp;Software entweder auf Basis eines Dienstleistungsvertrags oder im Rahmen eines Werkvertrags mit klar definierten Liefergegenst\u00e4nden.<br \/>\nArt und Umfang der Leistungen werden vor Projektbeginn abgestimmt und schriftlich dokumentiert.<\/p>\n<hr>\n<p style=\"text-align: center; font-size: 14px;\">Letzte Aktualisierung: 18. November 2025<\/p>\n","protected":false},"excerpt":{"rendered":"<p>UV&nbsp;Software ist das Einzelunternehmen von Uwe Vogt mit Sitz in Berlin. Diese Seite gibt eine zusammengefasste Selbstauskunft zum freiberuflichen Status, zu Rahmenbedingungen und zur unternehmerischen Ausrichtung. Seit wann ist UV&nbsp;Software unternehmerisch t\u00e4tig? UV&nbsp;Software ist seit 2002 als Einzelunternehmen aktiv. Damit liegt eine durchg\u00e4ngige freiberufliche T\u00e4tigkeit von mehr als zwanzig Jahren vor. Welche Unternehmensform hat UV&nbsp;Software? &hellip; <\/p>\n<p class=\"link-more\"><a href=\"https:\/\/uv-software.de\/wordpress\/de\/selbstauskunft\/\" class=\"more-link\"><span class=\"screen-reader-text\">\u201eStatus als Freiberufler\u201c<\/span> weiterlesen<\/a><\/p>\n","protected":false},"author":1,"featured_media":0,"parent":0,"menu_order":0,"comment_status":"closed","ping_status":"closed","template":"","meta":{"footnotes":""},"class_list":["post-610","page","type-page","status-publish","hentry"],"_links":{"self":[{"href":"https:\/\/uv-software.de\/wordpress\/wp-json\/wp\/v2\/pages\/610","targetHints":{"allow":["GET"]}}],"collection":[{"href":"https:\/\/uv-software.de\/wordpress\/wp-json\/wp\/v2\/pages"}],"about":[{"href":"https:\/\/uv-software.de\/wordpress\/wp-json\/wp\/v2\/types\/page"}],"author":[{"embeddable":true,"href":"https:\/\/uv-software.de\/wordpress\/wp-json\/wp\/v2\/users\/1"}],"replies":[{"embeddable":true,"href":"https:\/\/uv-software.de\/wordpress\/wp-json\/wp\/v2\/comments?post=610"}],"version-history":[{"count":2,"href":"https:\/\/uv-software.de\/wordpress\/wp-json\/wp\/v2\/pages\/610\/revisions"}],"predecessor-version":[{"id":617,"href":"https:\/\/uv-software.de\/wordpress\/wp-json\/wp\/v2\/pages\/610\/revisions\/617"}],"wp:attachment":[{"href":"https:\/\/uv-software.de\/wordpress\/wp-json\/wp\/v2\/media?parent=610"}],"curies":[{"name":"wp","href":"https:\/\/api.w.org\/{rel}","templated":true}]}}